{"id":26,"date":"2023-04-18T21:13:54","date_gmt":"2023-04-18T21:13:54","guid":{"rendered":"http:\/\/46.4.121.70\/~mouifdk\/?page_id=26"},"modified":"2023-04-20T10:51:29","modified_gmt":"2023-04-20T10:51:29","slug":"vedtaegter","status":"publish","type":"page","link":"https:\/\/www.mou-if.dk\/~mouifdk\/?page_id=26","title":{"rendered":"Vedt\u00e6gter"},"content":{"rendered":"\n<p>Vedt\u00e6gter for:&nbsp;<strong>Mou Idr\u00e6tsforening&nbsp;<\/strong><\/p>\n\n\n\n<p><strong>\u00a71<\/strong> Foreningens navn er <strong>Mou Idr\u00e6tsforening (MIF) <\/strong>Stiftet den 8. maj 1935.&nbsp;Foreningens hjemsted er Mou, Aalborg Kommune.&nbsp;<\/p>\n\n\n\n<p><strong>\u00a72<\/strong> Foreningens form\u00e5l er at drive alsidig idr\u00e6t og s\u00f8ge at fremme interessen for idr\u00e6tsud\u00f8velse.&nbsp;Foreningen kan efter bestyrelsens bestemmelse tilsluttes de respektive idr\u00e6tsorganisationer og deres foreningssamvirker.<\/p>\n\n\n\n<p><strong>\u00a73<\/strong> Som aktive medlemmer kan alle optages. Som passivt medlem kan kun optages sognets beboere. For udensogns interesserede med tilknytning til MIF kan bestyrelsen godkende optagelse som passivt medlem.<\/p>\n\n\n\n<p><strong>\u00a74<\/strong> Bestyrelsen kan udelukke medlemmer, der modarbejder foreningen eller dens&nbsp; form\u00e5l. Medlemmer, der er i restance, kan udelukkes efter bestyrelsens n\u00e6rmere bestemmelse.&nbsp;Personer, der er udelukket af MIF, kan f\u00e5 afg\u00f8relsen optaget p\u00e5 foreningens f\u00f8rstkommende generalforsamling. Generalforsamlingens afg\u00f8relse kan appelleres til specialforbund\/landsforbund.<\/p>\n\n\n\n<p><strong>\u00a75<\/strong> Ordin\u00e6r generalforsamling afholdes hvert \u00e5r inden 1. marts. Indvarsling sker ved offentligg\u00f8relse p\u00e5 hjemmeside og sociale medier, samt via medlemssystem med direkte henvendelse til registrerede medlemmer senest 10 dage f\u00f8r afholdelsen.&nbsp;Ekstraordin\u00e6r generalforsamling skal afholdes, s\u00e5fremt flertallet af bestyrelsen eller 1\/3 af de stemmeberettigede stiller skriftlig motiveret krav herom. Den skal indvarsles og er beslutningsdygtig som den ordin\u00e6re.&nbsp;<\/p>\n\n\n\n<p><strong>\u00a76<\/strong> Stemmeberettiget er ethvert medlem over 16 \u00e5r, forudsat at forfalden kontingent er betalt.&nbsp;<\/p>\n\n\n\n<p><strong>\u00a77<\/strong> Bestyrelsen fasts\u00e6tter generalforsamlingens dagsorden.&nbsp;Indkomne forslag skal v\u00e6re formanden i h\u00e6nde senest 8 dage f\u00f8r generalforsamlingens afholdelse. Dagsorden skal indeholde f\u00f8lgende punkter:&nbsp;<\/p>\n\n\n\n<ol class=\"wp-block-list\">\n<li>Valg af dirigent&nbsp;<\/li>\n\n\n\n<li>Valg af protokolf\u00f8rer<\/li>\n\n\n\n<li>Beretning<\/li>\n\n\n\n<li>Regnskab, herunder freml\u00e6ggelse af n\u00e6ste \u00e5rs budget<\/li>\n\n\n\n<li>Indkomne forslag<\/li>\n\n\n\n<li>Valg af Bestyrelse\n<ol class=\"wp-block-list\">\n<li>Formand (ulige \u00e5r)&nbsp;<\/li>\n\n\n\n<li>N\u00e6stformand (ulige \u00e5r)&nbsp;<\/li>\n\n\n\n<li>Kasserer (lige \u00e5r)&nbsp;<\/li>\n\n\n\n<li>2 menige medlemmer (p\u00e5 valg hvert \u00e5r)<\/li>\n<\/ol>\n<\/li>\n\n\n\n<li>Valg af 2 suppleanter til bestyrelsen<\/li>\n\n\n\n<li>Valg af 2 revisorer og revisorsuppleanter<\/li>\n\n\n\n<li>Valg af 1 repr\u00e6sentant til Mou-Hallens bestyrelse<\/li>\n\n\n\n<li>Eventuelt<\/li>\n<\/ol>\n\n\n\n<p>Alle valg er skriftlige. Alle beslutninger (jf. \u00a7 8) tages med relativ stemmeflerhed.<\/p>\n\n\n\n<p>Generalforsamlingen er foreningens \u00f8verste myndighed.<\/p>\n\n\n\n<p><strong>\u00a78<\/strong> \u00c6ndring af vedt\u00e6gterne kan vedtages p\u00e5 enhver generalforsamling, n\u00e5r forslag er formanden i h\u00e6nde senest 15. januar, og mindst 2\/3 ad de fremm\u00f8dte stemmeberettigede stemmer herfor.<\/p>\n\n\n\n<p><strong>\u00a79<\/strong> Bestyrelsen best\u00e5r af formand, n\u00e6stformand og kasserer samt 2 menige medlemmer. Alle skal v\u00e6re fyldt 18 \u00e5r.&nbsp;Valg til bestyrelsen foretages hvert \u00e5r. Formand, n\u00e6stformand og kasserer v\u00e6lges dog for 2 \u00e5r ad gangen.&nbsp;2 suppleanter til bestyrelsen v\u00e6lges for 1 \u00e5r ad gangen.&nbsp;2 revisorer v\u00e6lges for 2 \u00e5r ad gangen. Den ene er p\u00e5 valg ulige \u00e5r, den anden er p\u00e5 valg lige \u00e5r.&nbsp;1 repr\u00e6sentant til Mouhallens bestyrelse v\u00e6lges for 1 \u00e5r ad gangen.<\/p>\n\n\n\n<p><strong>\u00a710<\/strong> De enkelte afdelinger afg\u00f8r p\u00e5 de \u00e5rlige afdelingsm\u00f8der, hvad kontingentet skal v\u00e6re, for at deltage i afdelingens aktivitet.&nbsp;Kontingentet er aldersbetinget.&nbsp;De foresl\u00e5ede kontingenter godkendes af bestyrelsen, og skal freml\u00e6gges p\u00e5 generalforsamlingen i forbindelse med regnskab og budgetter.&nbsp;<\/p>\n\n\n\n<p><strong>\u00a711<\/strong> Til varetagelse af det daglige arbejde i afdelingerne, dannes afdelingsudvalg. Seniorkoordinator, ungdomskoordinator og \u00f8konomiansvarlig skal deltage i 1 bestyrelsesm\u00f8de \u00e5rligt, herudover kan de til enhver tid deltage p\u00e5 ethvert bestyrelsesm\u00f8de.<\/p>\n\n\n\n<p><strong>\u00a712<\/strong> Afdelingsudvalget indkalder i perioden 15. november &#8211; 10. februar til afdelingsm\u00f8de med afl\u00e6ggelse af beretning, udarbejdelse af budget samt valg af seniorkoordinator, ungdomskoordinator og \u00f8konomiansvarlig og udvalg. Afdelingsm\u00f8det kan afholdes virtuelt, hvis det ikke er muligt at afholde et m\u00f8de med fysisk fremm\u00f8de.<\/p>\n\n\n\n<p><strong>\u00a713<\/strong> Ordin\u00e6rt bestyrelsesm\u00f8de afholdes normalt hver m\u00e5ned. Ekstraordin\u00e6rt bestyrelsesm\u00f8de holdes s\u00e5 ofte som formanden finder det n\u00f8dvendigt, eller n\u00e5r et medlem af bestyrelsen\/et afdelingsudvalg indsender skriftlig beg\u00e6ring herom til formanden. Bestyrelsen er beslutningsdygtig, n\u00e5r mindst halvdelen af dens medlemmer er tilstede. I tilf\u00e6lde af stemmelighed er formandens stemme afg\u00f8rende. Bestyrelsen fasts\u00e6tter selv sin forretningsorden.<\/p>\n\n\n\n<p><strong>\u00a714<\/strong> Under alle bestyrelsesm\u00f8der og forhandlinger f\u00f8res protokol, som skal freml\u00e6gges ved hvert bestyrelsesm\u00f8de og p\u00e5 generalforsamlingen.<\/p>\n\n\n\n<p><strong>\u00a715<\/strong> Bestyrelsen varetager den daglige ledelse af foreningen. Bestyrelsen har kompetence til at neds\u00e6tte n\u00f8dvendige udvalg. Bestyrelsen indkalder forslag til og fasts\u00e6tter hvert \u00e5r inden 1. februar budgetter for afdelingerne. I budgetl\u00e6gningen vedtager bestyrelsen hvad det \u00e5rlige tilskud til f\u00e6llesudgifterne skal v\u00e6re.<\/p>\n\n\n\n<p><strong>\u00a716<\/strong> Kassereren f\u00f8rer foreningens regnskab. Der skal altid af regnskabet fremg\u00e5, hvilke bel\u00f8b, der er ind- og udg\u00e5et. Hver post skal ledsages af et tilsvarende bilag. Udgiftsbilag skal godkendes af formanden eller afdelingens \u00f8konomiansvarlige samt kassereren. Regnskabet f\u00f8lger kalender\u00e5ret. Det reviderede regnskab skal hvert \u00e5r freml\u00e6gges p\u00e5 den ordin\u00e6re generalforsamling. Det af bestyrelsen udarbejdede budget godkendes p\u00e5 den ordin\u00e6re generalforsamling.&nbsp;<\/p>\n\n\n\n<p><strong>\u00a717<\/strong> Ved optagelse af l\u00e5n og andre \u00f8konomiske sp\u00f8rgsm\u00e5l i forhold til pengeinstitutter og realkreditinstitutter er det den samlede bestyrelse, der tegner og underskriver for foreningen. Foreningens medlemmer, udvalgsmedlemmer og bestyrelsesmedlemmer h\u00e6fter ikke personligt for de af foreningen indg\u00e5ede forpligtelser, for hvilke foreningen alene h\u00e6fter med dens respektive formue. Foreningens medlemmer har ikke krav p\u00e5 nogen del af foreningens formue eller udbytte af nogen art. Al indg\u00e5ende kapital g\u00e5r gennem forretningsudvalget.&nbsp;<\/p>\n\n\n\n<p><strong>\u00a718<\/strong> Foreningen kan kun opl\u00f8ses, s\u00e5fremt 3\/4 af de fremm\u00f8dte stemmeberettigede medlemmer p\u00e5 2 ekstraordin\u00e6re generalforsamlinger &#8211; hver med 14 dages mellemrum &#8211; stemmer herfor. Eventuelle aktiver overdrages til andet kulturelt eller velg\u00f8rende form\u00e5l efter generalforsamlingens beslutning.&nbsp;<\/p>\n\n\n\n<p><strong>\u00a719<\/strong> Personer, der har gjort sig overordentlig fortjent i Mou Idr\u00e6tsforening regi, kan udn\u00e6vnes til \u00e6resmedlem. Beslutningen herom kan tr\u00e6ffes p\u00e5 generalforsamlingen. \u00c6resmedlemmer er kontingentfrie<\/p>\n\n\n\n<p><\/p>\n\n\n\n<p>S\u00e5ledes vedtaget p\u00e5 den ordin\u00e6re generalforsamling den 28. februar 2023.&nbsp;<br><\/p>\n","protected":false},"excerpt":{"rendered":"<p>Vedt\u00e6gter for:&nbsp;Mou Idr\u00e6tsforening&nbsp; \u00a71 Foreningens navn er Mou Idr\u00e6tsforening (MIF) Stiftet den 8. maj 1935.&nbsp;Foreningens hjemsted er Mou, Aalborg Kommune.&nbsp; \u00a72 Foreningens form\u00e5l er at drive alsidig idr\u00e6t og s\u00f8ge at fremme interessen for idr\u00e6tsud\u00f8velse.&nbsp;Foreningen kan efter bestyrelsens bestemmelse tilsluttes de respektive idr\u00e6tsorganisationer og deres foreningssamvirker. \u00a73 Som aktive medlemmer kan alle optages. Som passivt<\/p><\/div>\n<div class=\"blog-btn\"><a href=\"https:\/\/www.mou-if.dk\/~mouifdk\/?page_id=26\" class=\"home-blog-btn\">L\u00e6s mere <\/a><\/p>\n","protected":false},"author":1,"featured_media":0,"parent":0,"menu_order":0,"comment_status":"closed","ping_status":"closed","template":"","meta":{"footnotes":""},"class_list":["post-26","page","type-page","status-publish","hentry"],"_links":{"self":[{"href":"https:\/\/www.mou-if.dk\/~mouifdk\/index.php?rest_route=\/wp\/v2\/pages\/26","targetHints":{"allow":["GET"]}}],"collection":[{"href":"https:\/\/www.mou-if.dk\/~mouifdk\/index.php?rest_route=\/wp\/v2\/pages"}],"about":[{"href":"https:\/\/www.mou-if.dk\/~mouifdk\/index.php?rest_route=\/wp\/v2\/types\/page"}],"author":[{"embeddable":true,"href":"https:\/\/www.mou-if.dk\/~mouifdk\/index.php?rest_route=\/wp\/v2\/users\/1"}],"replies":[{"embeddable":true,"href":"https:\/\/www.mou-if.dk\/~mouifdk\/index.php?rest_route=%2Fwp%2Fv2%2Fcomments&post=26"}],"version-history":[{"count":4,"href":"https:\/\/www.mou-if.dk\/~mouifdk\/index.php?rest_route=\/wp\/v2\/pages\/26\/revisions"}],"predecessor-version":[{"id":101,"href":"https:\/\/www.mou-if.dk\/~mouifdk\/index.php?rest_route=\/wp\/v2\/pages\/26\/revisions\/101"}],"wp:attachment":[{"href":"https:\/\/www.mou-if.dk\/~mouifdk\/index.php?rest_route=%2Fwp%2Fv2%2Fmedia&parent=26"}],"curies":[{"name":"wp","href":"https:\/\/api.w.org\/{rel}","templated":true}]}}