{"id":64,"date":"2023-04-19T21:43:47","date_gmt":"2023-04-19T21:43:47","guid":{"rendered":"http:\/\/46.4.121.70\/~mouifdk\/?page_id=64"},"modified":"2023-04-19T21:43:47","modified_gmt":"2023-04-19T21:43:47","slug":"foraeldrerollen","status":"publish","type":"page","link":"https:\/\/www.mou-if.dk\/~mouifdk\/?page_id=64","title":{"rendered":"For\u00e6ldrerollen"},"content":{"rendered":"\n<p>En velfungerende forening fordrer engagerede for\u00e6ldre, som b\u00e5de stiller krav og er villige til at st\u00f8tte op om foreningen. St\u00f8tten g\u00e6lder b\u00e5de praktiske forhold omkring b\u00f8rnenes tr\u00e6ning og aktiviteter derudover, men ogs\u00e5 st\u00f8tte i forhold til foreningens kultur.<\/p>\n\n\n\n<p>I Mou IF l\u00e6gger vi v\u00e6gt p\u00e5, at for\u00e6ldrene er engagerede i deres b\u00f8rns udvikling og st\u00f8tter denne, s\u00e5 de udvikles som selvst\u00e6ndige og socialt engagerede individer.<\/p>\n\n\n\n<p>Dette betyder blandt andet, at for\u00e6ldrene til b\u00f8rn i Mou IF forventes at:<\/p>\n\n\n\n<ul class=\"wp-block-list\">\n<li>V\u00e6re indstillede p\u00e5 en ligev\u00e6rdig og respektfuld kommunikation med&nbsp; tr\u00e6nere\/instrukt\u00f8rer, udvalg og andre for\u00e6ldre<\/li>\n\n\n\n<li>Kontakte tr\u00e6neren som den f\u00f8rste s\u00e5 snart en beslutning giver anledning til undren\/sp\u00f8rgsm\u00e5l. Dog anf\u00e6gtes tr\u00e6nerens\/instrukt\u00f8rens dispositioner ikke direkte under tr\u00e6ning\/kamp, men dialogen tages med den p\u00e5g\u00e6ldende tr\u00e6ner\/instrukt\u00f8r p\u00e5 et senere og mere passende tidspunkt<\/li>\n\n\n\n<li>Acceptere at evt. uenigheder mellem for\u00e6ldre og tr\u00e6nere\/instrukt\u00f8rer fors\u00f8ges l\u00f8st imellem de voksne evt. i samarbejde med udvalg\/bestyrelse, uden direkte involvering af barnet<\/li>\n\n\n\n<li>Have en \u00e5ben indstilling og v\u00e6re parate til at samarbejde konstruktivt med tr\u00e6nere\/instrukt\u00f8rer, herunder at v\u00e6re villig til at se en sag fra flere sider<\/li>\n\n\n\n<li>St\u00f8tte og deltage i holdets arrangementer, samt bakke op om \u00f8vrige arrangementer i foreningen<\/li>\n\n\n\n<li>Udtrykke sig loyalt om foreningen og tr\u00e6nerne\/instrukt\u00f8rerne i foreningen overfor egne b\u00f8rn<\/li>\n\n\n\n<li>Altid tale positivt om holdets \u00f8vrige spillere\/gymnaster overfor egne b\u00f8rn<\/li>\n\n\n\n<li>Huske p\u00e5 at udbyttet ikke blot m\u00e5les p\u00e5 det resultat- og pr\u00e6stationsm\u00e6ssige, men ogs\u00e5 p\u00e5 den personlige og sociale udvikling, hvorfor sp\u00f8rgsm\u00e5l om barnet \u201dhar haft en god tr\u00e6ning eller kamp\u201d b\u00f8r t\u00e6nkes i et bredere perspektiv<\/li>\n<\/ul>\n\n\n\n<p>Ovenst\u00e5ende retningslinjer anser vi for at v\u00e6re vigtige, da for\u00e6ldrenes positive attitude overfor foreningen, de \u00f8vrige p\u00e5 holdene og de \u00f8vrige for\u00e6ldre giver deres eget barn den tryghed og tillid, som er en v\u00e6sentlig foruds\u00e6tning for barnets trivsel og udvikling, mens det er tilknyttet en aktivitet i Mou IF.<\/p>\n\n\n\n<p>Mou Idr\u00e6tsforening &#8211; her er plads til alle<\/p>\n","protected":false},"excerpt":{"rendered":"<p>En velfungerende forening fordrer engagerede for\u00e6ldre, som b\u00e5de stiller krav og er villige til at st\u00f8tte op om foreningen. St\u00f8tten g\u00e6lder b\u00e5de praktiske forhold omkring b\u00f8rnenes tr\u00e6ning og aktiviteter derudover, men ogs\u00e5 st\u00f8tte i forhold til foreningens kultur. I Mou IF l\u00e6gger vi v\u00e6gt p\u00e5, at for\u00e6ldrene er engagerede i deres b\u00f8rns udvikling og st\u00f8tter<\/p><\/div>\n<div class=\"blog-btn\"><a href=\"https:\/\/www.mou-if.dk\/~mouifdk\/?page_id=64\" class=\"home-blog-btn\">L\u00e6s mere <\/a><\/p>\n","protected":false},"author":1,"featured_media":0,"parent":0,"menu_order":0,"comment_status":"closed","ping_status":"closed","template":"","meta":{"footnotes":""},"class_list":["post-64","page","type-page","status-publish","hentry"],"_links":{"self":[{"href":"https:\/\/www.mou-if.dk\/~mouifdk\/index.php?rest_route=\/wp\/v2\/pages\/64","targetHints":{"allow":["GET"]}}],"collection":[{"href":"https:\/\/www.mou-if.dk\/~mouifdk\/index.php?rest_route=\/wp\/v2\/pages"}],"about":[{"href":"https:\/\/www.mou-if.dk\/~mouifdk\/index.php?rest_route=\/wp\/v2\/types\/page"}],"author":[{"embeddable":true,"href":"https:\/\/www.mou-if.dk\/~mouifdk\/index.php?rest_route=\/wp\/v2\/users\/1"}],"replies":[{"embeddable":true,"href":"https:\/\/www.mou-if.dk\/~mouifdk\/index.php?rest_route=%2Fwp%2Fv2%2Fcomments&post=64"}],"version-history":[{"count":1,"href":"https:\/\/www.mou-if.dk\/~mouifdk\/index.php?rest_route=\/wp\/v2\/pages\/64\/revisions"}],"predecessor-version":[{"id":65,"href":"https:\/\/www.mou-if.dk\/~mouifdk\/index.php?rest_route=\/wp\/v2\/pages\/64\/revisions\/65"}],"wp:attachment":[{"href":"https:\/\/www.mou-if.dk\/~mouifdk\/index.php?rest_route=%2Fwp%2Fv2%2Fmedia&parent=64"}],"curies":[{"name":"wp","href":"https:\/\/api.w.org\/{rel}","templated":true}]}}