{"id":66,"date":"2023-04-19T21:44:55","date_gmt":"2023-04-19T21:44:55","guid":{"rendered":"http:\/\/46.4.121.70\/~mouifdk\/?page_id=66"},"modified":"2023-04-19T21:44:55","modified_gmt":"2023-04-19T21:44:55","slug":"vaerdier","status":"publish","type":"page","link":"https:\/\/www.mou-if.dk\/~mouifdk\/?page_id=66","title":{"rendered":"V\u00e6rdier"},"content":{"rendered":"\n<p>En foruds\u00e6tning for en god og velfungerende idr\u00e6tsforening er et f\u00e6lles v\u00e6rdigrundlag.<\/p>\n\n\n\n<p>I Mou Idr\u00e6tsforening l\u00e6gger vi v\u00e6gt p\u00e5, at:<\/p>\n\n\n\n<ul class=\"wp-block-list\">\n<li>alle &#8211; ud\u00f8vere, tr\u00e6nere og for\u00e6ldre &#8211; bidrager til&nbsp;<strong>et f\u00e6llesskab<\/strong>, hvor det er sjovt at deltage<\/li>\n\n\n\n<li>alle medlemmer f\u00f8ler&nbsp;<strong>gl\u00e6de og positiv energi<\/strong>&nbsp;ved at deltage i de sportslige tilbud&nbsp;<\/li>\n\n\n\n<li>alle&nbsp;<strong>har mulighed<\/strong>&nbsp;for at dyrke sport uanset spillem\u00e6ssigt niveau&nbsp;<\/li>\n\n\n\n<li>f\u00e6llesskabet er omdrejningspunktet for det enkelte holds&nbsp;<strong>sportslige ambitioner og sociale relationer<\/strong><\/li>\n\n\n\n<li>foreningslivet er pr\u00e6get af en&nbsp;<strong>god omgangstone, tolerance og ligev\u00e6rd<\/strong>&nbsp;med et for\u00e6ldersamarbejde bygget p\u00e5 f\u00e6lles ansvar og gensidig respekt&nbsp;<\/li>\n\n\n\n<li>engagement samt vilje til at give alle i foreningen&nbsp;<strong>gode rammer<\/strong>&nbsp;b\u00e5de sportsligt og socialt&nbsp;<\/li>\n\n\n\n<li>idr\u00e6t for b\u00f8rn har&nbsp;<strong>legen i centrum<\/strong><\/li>\n\n\n\n<li>for\u00e6ldre kan&nbsp;<strong>f\u00f8le sig trygge<\/strong>&nbsp;ved at sende deres b\u00f8rn til idr\u00e6t i foreningen.&nbsp;<\/li>\n<\/ul>\n\n\n\n<p>Konkurrence vil altid v\u00e6re en naturlig del af idr\u00e6tten, men det er vigtigt, at vores medlemmer l\u00e6rer at forholde sig til sejre og nederlag, som en naturlig del af det at udvikle sig som idr\u00e6tsud\u00f8ver.&nbsp;<\/p>\n\n\n\n<p>Mou Idr\u00e6tsforening &#8211; her er plads til alle<\/p>\n","protected":false},"excerpt":{"rendered":"<p>En foruds\u00e6tning for en god og velfungerende idr\u00e6tsforening er et f\u00e6lles v\u00e6rdigrundlag. I Mou Idr\u00e6tsforening l\u00e6gger vi v\u00e6gt p\u00e5, at: Konkurrence vil altid v\u00e6re en naturlig del af idr\u00e6tten, men det er vigtigt, at vores medlemmer l\u00e6rer at forholde sig til sejre og nederlag, som en naturlig del af det at udvikle sig som idr\u00e6tsud\u00f8ver.&nbsp;<\/p><\/div>\n<div class=\"blog-btn\"><a href=\"https:\/\/www.mou-if.dk\/~mouifdk\/?page_id=66\" class=\"home-blog-btn\">L\u00e6s mere <\/a><\/p>\n","protected":false},"author":1,"featured_media":0,"parent":0,"menu_order":0,"comment_status":"closed","ping_status":"closed","template":"","meta":{"footnotes":""},"class_list":["post-66","page","type-page","status-publish","hentry"],"_links":{"self":[{"href":"https:\/\/www.mou-if.dk\/~mouifdk\/index.php?rest_route=\/wp\/v2\/pages\/66","targetHints":{"allow":["GET"]}}],"collection":[{"href":"https:\/\/www.mou-if.dk\/~mouifdk\/index.php?rest_route=\/wp\/v2\/pages"}],"about":[{"href":"https:\/\/www.mou-if.dk\/~mouifdk\/index.php?rest_route=\/wp\/v2\/types\/page"}],"author":[{"embeddable":true,"href":"https:\/\/www.mou-if.dk\/~mouifdk\/index.php?rest_route=\/wp\/v2\/users\/1"}],"replies":[{"embeddable":true,"href":"https:\/\/www.mou-if.dk\/~mouifdk\/index.php?rest_route=%2Fwp%2Fv2%2Fcomments&post=66"}],"version-history":[{"count":1,"href":"https:\/\/www.mou-if.dk\/~mouifdk\/index.php?rest_route=\/wp\/v2\/pages\/66\/revisions"}],"predecessor-version":[{"id":67,"href":"https:\/\/www.mou-if.dk\/~mouifdk\/index.php?rest_route=\/wp\/v2\/pages\/66\/revisions\/67"}],"wp:attachment":[{"href":"https:\/\/www.mou-if.dk\/~mouifdk\/index.php?rest_route=%2Fwp%2Fv2%2Fmedia&parent=66"}],"curies":[{"name":"wp","href":"https:\/\/api.w.org\/{rel}","templated":true}]}}