{"id":8,"date":"2023-04-18T20:53:46","date_gmt":"2023-04-18T20:53:46","guid":{"rendered":"http:\/\/46.4.121.70\/~mouifdk\/?page_id=8"},"modified":"2024-03-07T15:07:11","modified_gmt":"2024-03-07T15:07:11","slug":"haandbold","status":"publish","type":"page","link":"https:\/\/www.mou-if.dk\/~mouifdk\/?page_id=8","title":{"rendered":"H\u00e5ndbold"},"content":{"rendered":"<div class=\"wp-block-image\">\n<figure class=\"aligncenter size-full\"><img loading=\"lazy\" decoding=\"async\" width=\"598\" height=\"234\" src=\"http:\/\/46.4.121.70\/~mouifdk\/wp-content\/uploads\/2023\/04\/image-5.png\" alt=\"\" class=\"wp-image-54\" srcset=\"https:\/\/www.mou-if.dk\/~mouifdk\/wp-content\/uploads\/2023\/04\/image-5.png 598w, https:\/\/www.mou-if.dk\/~mouifdk\/wp-content\/uploads\/2023\/04\/image-5-300x117.png 300w\" sizes=\"auto, (max-width: 598px) 100vw, 598px\" \/><\/figure>\n<\/div>\n\n\n<p>I h\u00e5ndboldafdelingen har vi hold for b\u00e5de b\u00f8rne-, ungdoms- og senior spillere. F\u00e6lles for alle holdene er, at vi l\u00e6gger stor v\u00e6gt p\u00e5 det sociale f\u00e6llesskab samt, at der er plads til alle uanset h\u00e5ndboldm\u00e6ssige f\u00e6rdigheder.<\/p>\n\n\n\n<p>I hold oversigten nedenunder, kan du f\u00e5 adgang til en r\u00e6kke oplysninger om de enkelte hold.<\/p>\n\n\n\n<p>Savner du yderligere oplysninger om h\u00e5ndbold i MIF, manglende hold eller lignende, er du altid velkommen til at kontakte en af tr\u00e6nerne eller h\u00e5ndboldafdelingens koordinatorer.<\/p>\n\n\n\n<p>Har du lyst til at pr\u00f8ve h\u00e5ndboldens verden, har du som ny spiller i Mou 2-3 gratis tr\u00e6ninger inden betaling, s\u00e5 m\u00f8d endelig op til tr\u00e6ning og f\u00e5 en snak med b\u00e5de spillere og tr\u00e6nere. \u00d8nsker du at spille kamp SKAL kontingent dog v\u00e6re betalt inden f\u00f8rste kamp, grundet nye regler fra JHF omkring<\/p>\n\n\n\n<h2 class=\"wp-block-heading\">Holdoversigt<\/h2>\n\n\n\n<script type=\"text\/javascript\" src=\"https:\/\/www.conventus.dk\/dataudv\/www\/holdoversigt_ny.php?foreningsid=5096&#038;afdelingsid=20951&#038;handelsbetingelser=0&#038;reservationer=vis&#038;skjul_nyt_medlem=0&#038;skjul_allerede_medlem=0&#038;raekkefoelge=alfabetisk&#038;sprog=auto&#038;vis_adresse=0&#038;knap_placering=horisontal&#038;highlight=pris&#038;start=periode;ledige_pladser&#038;info=tid_sted;alder;betaling;tilmelding;tilmeld_aabner_om;ledere;om_holdet\"><\/script>\n\n\n\n<h2 class=\"wp-block-heading\">Kontakter<\/h2>\n\n\n\n<script type=\"text\/javascript\" src=\"https:\/\/www.conventus.dk\/dataudv\/www\/kontaktside.php?foreningsid=5096&#038;gruppe_type=1&#038;gruppe_id=137515&#038;num_cols=1\"><\/script>\n","protected":false},"excerpt":{"rendered":"<p>I h\u00e5ndboldafdelingen har vi hold for b\u00e5de b\u00f8rne-, ungdoms- og senior spillere. F\u00e6lles for alle holdene er, at vi l\u00e6gger stor v\u00e6gt p\u00e5 det sociale f\u00e6llesskab samt, at der er plads til alle uanset h\u00e5ndboldm\u00e6ssige f\u00e6rdigheder. I hold oversigten nedenunder, kan du f\u00e5 adgang til en r\u00e6kke oplysninger om de enkelte hold. Savner du yderligere<\/p><\/div>\n<div class=\"blog-btn\"><a href=\"https:\/\/www.mou-if.dk\/~mouifdk\/?page_id=8\" class=\"home-blog-btn\">L\u00e6s mere <\/a><\/p>\n","protected":false},"author":1,"featured_media":0,"parent":0,"menu_order":0,"comment_status":"closed","ping_status":"closed","template":"","meta":{"footnotes":""},"class_list":["post-8","page","type-page","status-publish","hentry"],"_links":{"self":[{"href":"https:\/\/www.mou-if.dk\/~mouifdk\/index.php?rest_route=\/wp\/v2\/pages\/8","targetHints":{"allow":["GET"]}}],"collection":[{"href":"https:\/\/www.mou-if.dk\/~mouifdk\/index.php?rest_route=\/wp\/v2\/pages"}],"about":[{"href":"https:\/\/www.mou-if.dk\/~mouifdk\/index.php?rest_route=\/wp\/v2\/types\/page"}],"author":[{"embeddable":true,"href":"https:\/\/www.mou-if.dk\/~mouifdk\/index.php?rest_route=\/wp\/v2\/users\/1"}],"replies":[{"embeddable":true,"href":"https:\/\/www.mou-if.dk\/~mouifdk\/index.php?rest_route=%2Fwp%2Fv2%2Fcomments&post=8"}],"version-history":[{"count":7,"href":"https:\/\/www.mou-if.dk\/~mouifdk\/index.php?rest_route=\/wp\/v2\/pages\/8\/revisions"}],"predecessor-version":[{"id":214,"href":"https:\/\/www.mou-if.dk\/~mouifdk\/index.php?rest_route=\/wp\/v2\/pages\/8\/revisions\/214"}],"wp:attachment":[{"href":"https:\/\/www.mou-if.dk\/~mouifdk\/index.php?rest_route=%2Fwp%2Fv2%2Fmedia&parent=8"}],"curies":[{"name":"wp","href":"https:\/\/api.w.org\/{rel}","templated":true}]}}