{"id":86,"date":"2023-04-19T22:01:13","date_gmt":"2023-04-19T22:01:13","guid":{"rendered":"http:\/\/46.4.121.70\/~mouifdk\/?page_id=86"},"modified":"2023-04-19T22:02:18","modified_gmt":"2023-04-19T22:02:18","slug":"passivt-medlemskab","status":"publish","type":"page","link":"https:\/\/www.mou-if.dk\/~mouifdk\/?page_id=86","title":{"rendered":"Passivt medlemskab"},"content":{"rendered":"\n<p>\u00d8nsker du at st\u00f8tte foreningen eller v\u00e6re berettiget stemmeret p\u00e5 genralforsamling, kan du her tegne et passivt medlemskab.<\/p>\n\n\n\n<p><\/p>\n\n\n\n<script type=\"text\/javascript\" src=\"https:\/\/www.conventus.dk\/dataudv\/www\/abonnement.php?foreningsid=5096&#038;abonnementsgruppe=571&#038;abonnementsafdeling=&#038;vis_abonnementer=1&#038;vis_laengde=1&#038;vis_holdnavne=0\"><\/script>\n","protected":false},"excerpt":{"rendered":"<p>\u00d8nsker du at st\u00f8tte foreningen eller v\u00e6re berettiget stemmeret p\u00e5 genralforsamling, kan du her tegne et passivt medlemskab.<\/p>\n","protected":false},"author":1,"featured_media":0,"parent":0,"menu_order":0,"comment_status":"closed","ping_status":"closed","template":"","meta":{"footnotes":""},"class_list":["post-86","page","type-page","status-publish","hentry"],"_links":{"self":[{"href":"https:\/\/www.mou-if.dk\/~mouifdk\/index.php?rest_route=\/wp\/v2\/pages\/86","targetHints":{"allow":["GET"]}}],"collection":[{"href":"https:\/\/www.mou-if.dk\/~mouifdk\/index.php?rest_route=\/wp\/v2\/pages"}],"about":[{"href":"https:\/\/www.mou-if.dk\/~mouifdk\/index.php?rest_route=\/wp\/v2\/types\/page"}],"author":[{"embeddable":true,"href":"https:\/\/www.mou-if.dk\/~mouifdk\/index.php?rest_route=\/wp\/v2\/users\/1"}],"replies":[{"embeddable":true,"href":"https:\/\/www.mou-if.dk\/~mouifdk\/index.php?rest_route=%2Fwp%2Fv2%2Fcomments&post=86"}],"version-history":[{"count":2,"href":"https:\/\/www.mou-if.dk\/~mouifdk\/index.php?rest_route=\/wp\/v2\/pages\/86\/revisions"}],"predecessor-version":[{"id":90,"href":"https:\/\/www.mou-if.dk\/~mouifdk\/index.php?rest_route=\/wp\/v2\/pages\/86\/revisions\/90"}],"wp:attachment":[{"href":"https:\/\/www.mou-if.dk\/~mouifdk\/index.php?rest_route=%2Fwp%2Fv2%2Fmedia&parent=86"}],"curies":[{"name":"wp","href":"https:\/\/api.w.org\/{rel}","templated":true}]}}