{"id":95,"date":"2023-04-19T22:33:17","date_gmt":"2023-04-19T22:33:17","guid":{"rendered":"http:\/\/46.4.121.70\/~mouifdk\/?page_id=95"},"modified":"2023-08-17T20:17:57","modified_gmt":"2023-08-17T20:17:57","slug":"velkommen-til-mou-idraetsforening","status":"publish","type":"page","link":"https:\/\/www.mou-if.dk\/~mouifdk\/","title":{"rendered":"Velkommen til Mou idr\u00e6tsforening"},"content":{"rendered":"<div class=\"wp-block-image\">\n<figure class=\"aligncenter size-large\"><img loading=\"lazy\" decoding=\"async\" width=\"1024\" height=\"187\" src=\"http:\/\/46.4.121.70\/~mouifdk\/wp-content\/uploads\/2023\/04\/image-10-1024x187.png\" alt=\"\" class=\"wp-image-96\" srcset=\"https:\/\/www.mou-if.dk\/~mouifdk\/wp-content\/uploads\/2023\/04\/image-10-1024x187.png 1024w, https:\/\/www.mou-if.dk\/~mouifdk\/wp-content\/uploads\/2023\/04\/image-10-300x55.png 300w, https:\/\/www.mou-if.dk\/~mouifdk\/wp-content\/uploads\/2023\/04\/image-10-768x140.png 768w, https:\/\/www.mou-if.dk\/~mouifdk\/wp-content\/uploads\/2023\/04\/image-10-1536x280.png 1536w, https:\/\/www.mou-if.dk\/~mouifdk\/wp-content\/uploads\/2023\/04\/image-10.png 1920w\" sizes=\"auto, (max-width: 1024px) 100vw, 1024px\" \/><\/figure>\n<\/div>\n\n\n<p>I menuen kan du navigere til de enkelte afdelinger. Her finder du holdoversigter, tilmelding og kontakter. Er du nyt medlem og \u00f8nsker at tilmelde dig vores aktiviteter og hold, skal du oprette en bruger <a href=\"https:\/\/www.conventus.dk\/dataudv\/www\/new_tilmelding.php?foreningsid=5096&amp;gruppe=137488&amp;skjul_nyt_medlem=0&amp;skjul_allerede_medlem=0\">her<\/a> f\u00f8r dette er muligt.<\/p>\n\n\n\n<p>En foruds\u00e6tning for en god og velfungerende idr\u00e6tsforening er et f\u00e6lles v\u00e6rdigrundlag.<\/p>\n\n\n\n<p>I Mou Idr\u00e6tsforening l\u00e6gger vi v\u00e6gt p\u00e5, at:<\/p>\n\n\n\n<ul class=\"wp-block-list\">\n<li>alle &#8211; ud\u00f8vere, tr\u00e6nere og for\u00e6ldre &#8211; bidrager til&nbsp;<strong>et f\u00e6llesskab<\/strong>, hvor det er sjovt at deltage<\/li>\n\n\n\n<li>alle medlemmer f\u00f8ler&nbsp;<strong>gl\u00e6de og positiv energi<\/strong>&nbsp;ved at deltage i de sportslige tilbud&nbsp;<\/li>\n\n\n\n<li>alle&nbsp;<strong>har mulighed<\/strong>&nbsp;for at dyrke sport uanset spillem\u00e6ssigt niveau&nbsp;<\/li>\n\n\n\n<li>f\u00e6llesskabet er omdrejningspunktet for det enkelte holds&nbsp;<strong>sportslige ambitioner og sociale relationer<\/strong><\/li>\n\n\n\n<li>foreningslivet er pr\u00e6get af en&nbsp;<strong>god omgangstone, tolerance og ligev\u00e6rd<\/strong>&nbsp;med et for\u00e6ldersamarbejde bygget p\u00e5 f\u00e6lles ansvar og gensidig respekt&nbsp;<\/li>\n\n\n\n<li>engagement samt vilje til at give alle i foreningen&nbsp;<strong>gode rammer<\/strong>&nbsp;b\u00e5de sportsligt og socialt&nbsp;<\/li>\n\n\n\n<li>idr\u00e6t for b\u00f8rn har&nbsp;<strong>legen i centrum<\/strong><\/li>\n\n\n\n<li>for\u00e6ldre kan&nbsp;<strong>f\u00f8le sig trygge<\/strong>&nbsp;ved at sende deres b\u00f8rn til idr\u00e6t i foreningen.&nbsp;<\/li>\n<\/ul>\n\n\n\n<p>Konkurrence vil altid v\u00e6re en naturlig del af idr\u00e6tten, men det er vigtigt, at vores medlemmer l\u00e6rer at forholde sig til sejre og nederlag, som en naturlig del af det at udvikle sig som idr\u00e6tsud\u00f8ver.&nbsp;<\/p>\n\n\n\n<p>Mou Idr\u00e6tsforening &#8211; her er plads til alle<\/p>\n","protected":false},"excerpt":{"rendered":"<p>I menuen kan du navigere til de enkelte afdelinger. Her finder du holdoversigter, tilmelding og kontakter. Er du nyt medlem og \u00f8nsker at tilmelde dig vores aktiviteter og hold, skal du oprette en bruger her f\u00f8r dette er muligt. En foruds\u00e6tning for en god og velfungerende idr\u00e6tsforening er et f\u00e6lles v\u00e6rdigrundlag. I Mou Idr\u00e6tsforening l\u00e6gger<\/p><\/div>\n<div class=\"blog-btn\"><a href=\"https:\/\/www.mou-if.dk\/~mouifdk\/\" class=\"home-blog-btn\">L\u00e6s mere <\/a><\/p>\n","protected":false},"author":1,"featured_media":0,"parent":0,"menu_order":0,"comment_status":"closed","ping_status":"closed","template":"","meta":{"footnotes":""},"class_list":["post-95","page","type-page","status-publish","hentry"],"_links":{"self":[{"href":"https:\/\/www.mou-if.dk\/~mouifdk\/index.php?rest_route=\/wp\/v2\/pages\/95","targetHints":{"allow":["GET"]}}],"collection":[{"href":"https:\/\/www.mou-if.dk\/~mouifdk\/index.php?rest_route=\/wp\/v2\/pages"}],"about":[{"href":"https:\/\/www.mou-if.dk\/~mouifdk\/index.php?rest_route=\/wp\/v2\/types\/page"}],"author":[{"embeddable":true,"href":"https:\/\/www.mou-if.dk\/~mouifdk\/index.php?rest_route=\/wp\/v2\/users\/1"}],"replies":[{"embeddable":true,"href":"https:\/\/www.mou-if.dk\/~mouifdk\/index.php?rest_route=%2Fwp%2Fv2%2Fcomments&post=95"}],"version-history":[{"count":7,"href":"https:\/\/www.mou-if.dk\/~mouifdk\/index.php?rest_route=\/wp\/v2\/pages\/95\/revisions"}],"predecessor-version":[{"id":124,"href":"https:\/\/www.mou-if.dk\/~mouifdk\/index.php?rest_route=\/wp\/v2\/pages\/95\/revisions\/124"}],"wp:attachment":[{"href":"https:\/\/www.mou-if.dk\/~mouifdk\/index.php?rest_route=%2Fwp%2Fv2%2Fmedia&parent=95"}],"curies":[{"name":"wp","href":"https:\/\/api.w.org\/{rel}","templated":true}]}}